{"id":3371,"date":"2024-04-08T03:50:04","date_gmt":"2024-04-08T10:50:04","guid":{"rendered":"https:\/\/zsfgnewwebsstg.wpenginepowered.com\/dich-vu-cham-soc-chuyen-khoa\/"},"modified":"2024-06-11T21:42:19","modified_gmt":"2024-06-12T04:42:19","slug":"specialty-care","status":"publish","type":"page","link":"https:\/\/www.zuckerbergsanfranciscogeneral.org\/vi\/specialty-care\/","title":{"rendered":"D\u1ecbch v\u1ee5 Ch\u0103m s\u00f3c Chuy\u00ean khoa"},"content":{"rendered":"","protected":false},"excerpt":{"rendered":"","protected":false},"author":2,"featured_media":0,"parent":0,"menu_order":3,"comment_status":"closed","ping_status":"closed","template":"template-service-category.php","meta":{"_acf_changed":false,"footnotes":""},"class_list":["post-3371","page","type-page","status-publish","hentry"],"acf":[],"yoast_head":"<title>D\u1ecbch v\u1ee5 Ch\u0103m s\u00f3c Chuy\u00ean khoa | Zuckerberg San Francisco General Hospital and Trauma Center<\/title>\n<meta name=\"description\" content=\"B\u1ec7nh vi\u1ec7n \u0110a khoa v\u00e0 Trung t\u00e2m Ch\u1ea5n th\u01b0\u01a1ng Zuckerberg San Francisco cung c\u1ea5p d\u1ecbch v\u1ee5 ch\u0103m s\u00f3c chuy\u00ean khoa th\u00f4ng qua m\u1ed9t m\u1ea1ng l\u01b0\u1edbi r\u1ed9ng l\u1edbn g\u1ed3m nhi\u1ec1u ph\u00f2ng kh\u00e1m v\u00e0 d\u1ecbch v\u1ee5.\" \/>\n<meta name=\"robots\" content=\"index, follow, max-snippet:-1, max-image-preview:large, max-video-preview:-1\" \/>\n<link rel=\"canonical\" href=\"https:\/\/www.zuckerbergsanfranciscogeneral.org\/specialty-care\/?lang=vi\" \/>\n<meta property=\"og:locale\" content=\"vi_VN\" \/>\n<meta property=\"og:type\" content=\"article\" \/>\n<meta property=\"og:title\" content=\"D\u1ecbch v\u1ee5 Ch\u0103m s\u00f3c Chuy\u00ean khoa\" \/>\n<meta property=\"og:description\" content=\"B\u1ec7nh vi\u1ec7n \u0110a khoa v\u00e0 Trung t\u00e2m Ch\u1ea5n th\u01b0\u01a1ng Zuckerberg San Francisco cung c\u1ea5p d\u1ecbch v\u1ee5 ch\u0103m s\u00f3c chuy\u00ean khoa th\u00f4ng qua m\u1ed9t m\u1ea1ng l\u01b0\u1edbi r\u1ed9ng l\u1edbn g\u1ed3m nhi\u1ec1u ph\u00f2ng kh\u00e1m v\u00e0 d\u1ecbch v\u1ee5.\" \/>\n<meta property=\"og:url\" content=\"https:\/\/www.zuckerbergsanfranciscogeneral.org\/specialty-care\/?lang=vi\" \/>\n<meta property=\"og:site_name\" content=\"Zuckerberg San Francisco General Hospital and Trauma Center\" \/>\n<meta property=\"article:modified_time\" content=\"2024-06-12T04:42:19+00:00\" \/>\n<meta name=\"twitter:card\" content=\"summary_large_image\" \/>\n<script type=\"application\/ld+json\" class=\"yoast-schema-graph\">{\"@context\":\"https:\\\/\\\/schema.org\",\"@graph\":[{\"@type\":\"WebPage\",\"@id\":\"https:\\\/\\\/www.zuckerbergsanfranciscogeneral.org\\\/specialty-care\\\/?lang=vi\",\"url\":\"https:\\\/\\\/www.zuckerbergsanfranciscogeneral.org\\\/specialty-care\\\/?lang=vi\",\"name\":\"D\u1ecbch v\u1ee5 Ch\u0103m s\u00f3c Chuy\u00ean khoa | Zuckerberg San Francisco General Hospital and Trauma Center\",\"isPartOf\":{\"@id\":\"https:\\\/\\\/www.zuckerbergsanfranciscogeneral.org\\\/#website\"},\"datePublished\":\"2024-04-08T10:50:04+00:00\",\"dateModified\":\"2024-06-12T04:42:19+00:00\",\"description\":\"B\u1ec7nh vi\u1ec7n \u0110a khoa v\u00e0 Trung t\u00e2m Ch\u1ea5n th\u01b0\u01a1ng Zuckerberg San Francisco cung c\u1ea5p d\u1ecbch v\u1ee5 ch\u0103m s\u00f3c chuy\u00ean khoa th\u00f4ng qua m\u1ed9t m\u1ea1ng l\u01b0\u1edbi r\u1ed9ng l\u1edbn g\u1ed3m nhi\u1ec1u ph\u00f2ng kh\u00e1m v\u00e0 d\u1ecbch v\u1ee5.\",\"breadcrumb\":{\"@id\":\"https:\\\/\\\/www.zuckerbergsanfranciscogeneral.org\\\/specialty-care\\\/?lang=vi#breadcrumb\"},\"inLanguage\":\"vi-VN\",\"potentialAction\":[{\"@type\":\"ReadAction\",\"target\":[\"https:\\\/\\\/www.zuckerbergsanfranciscogeneral.org\\\/specialty-care\\\/?lang=vi\"]}]},{\"@type\":\"BreadcrumbList\",\"@id\":\"https:\\\/\\\/www.zuckerbergsanfranciscogeneral.org\\\/specialty-care\\\/?lang=vi#breadcrumb\",\"itemListElement\":[{\"@type\":\"ListItem\",\"position\":1,\"name\":\"Home\",\"item\":\"https:\\\/\\\/www.zuckerbergsanfranciscogeneral.org\\\/vi\\\/\"},{\"@type\":\"ListItem\",\"position\":2,\"name\":\"D\u1ecbch v\u1ee5 Ch\u0103m s\u00f3c Chuy\u00ean khoa\"}]},{\"@type\":\"WebSite\",\"@id\":\"https:\\\/\\\/www.zuckerbergsanfranciscogeneral.org\\\/#website\",\"url\":\"https:\\\/\\\/www.zuckerbergsanfranciscogeneral.org\\\/\",\"name\":\"P\u014dwehi WordPress Theme\",\"description\":\"\",\"publisher\":{\"@id\":\"https:\\\/\\\/www.zuckerbergsanfranciscogeneral.org\\\/#organization\"},\"potentialAction\":[{\"@type\":\"SearchAction\",\"target\":{\"@type\":\"EntryPoint\",\"urlTemplate\":\"https:\\\/\\\/www.zuckerbergsanfranciscogeneral.org\\\/?s={search_term_string}\"},\"query-input\":{\"@type\":\"PropertyValueSpecification\",\"valueRequired\":true,\"valueName\":\"search_term_string\"}}],\"inLanguage\":\"vi-VN\"},{\"@type\":\"Organization\",\"@id\":\"https:\\\/\\\/www.zuckerbergsanfranciscogeneral.org\\\/#organization\",\"name\":\"P\u014dwehi WordPress Theme\",\"url\":\"https:\\\/\\\/www.zuckerbergsanfranciscogeneral.org\\\/\",\"logo\":{\"@type\":\"ImageObject\",\"inLanguage\":\"vi-VN\",\"@id\":\"https:\\\/\\\/www.zuckerbergsanfranciscogeneral.org\\\/#\\\/schema\\\/logo\\\/image\\\/\",\"url\":\"https:\\\/\\\/www.zuckerbergsanfranciscogeneral.org\\\/wp-content\\\/uploads\\\/2022\\\/06\\\/default-image-event.png\",\"contentUrl\":\"https:\\\/\\\/www.zuckerbergsanfranciscogeneral.org\\\/wp-content\\\/uploads\\\/2022\\\/06\\\/default-image-event.png\",\"width\":800,\"height\":600,\"caption\":\"P\u014dwehi WordPress Theme\"},\"image\":{\"@id\":\"https:\\\/\\\/www.zuckerbergsanfranciscogeneral.org\\\/#\\\/schema\\\/logo\\\/image\\\/\"}}]}<\/script>","yoast_head_json":{"title":"D\u1ecbch v\u1ee5 Ch\u0103m s\u00f3c Chuy\u00ean khoa | Zuckerberg San Francisco General Hospital and Trauma Center","description":"B\u1ec7nh vi\u1ec7n \u0110a khoa v\u00e0 Trung t\u00e2m Ch\u1ea5n th\u01b0\u01a1ng Zuckerberg San Francisco cung c\u1ea5p d\u1ecbch v\u1ee5 ch\u0103m s\u00f3c chuy\u00ean khoa th\u00f4ng qua m\u1ed9t m\u1ea1ng l\u01b0\u1edbi r\u1ed9ng l\u1edbn g\u1ed3m nhi\u1ec1u ph\u00f2ng kh\u00e1m v\u00e0 d\u1ecbch v\u1ee5.","robots":{"index":"index","follow":"follow","max-snippet":"max-snippet:-1","max-image-preview":"max-image-preview:large","max-video-preview":"max-video-preview:-1"},"canonical":"https:\/\/www.zuckerbergsanfranciscogeneral.org\/specialty-care\/?lang=vi","og_locale":"vi_VN","og_type":"article","og_title":"D\u1ecbch v\u1ee5 Ch\u0103m s\u00f3c Chuy\u00ean khoa","og_description":"B\u1ec7nh vi\u1ec7n \u0110a khoa v\u00e0 Trung t\u00e2m Ch\u1ea5n th\u01b0\u01a1ng Zuckerberg San Francisco cung c\u1ea5p d\u1ecbch v\u1ee5 ch\u0103m s\u00f3c chuy\u00ean khoa th\u00f4ng qua m\u1ed9t m\u1ea1ng l\u01b0\u1edbi r\u1ed9ng l\u1edbn g\u1ed3m nhi\u1ec1u ph\u00f2ng kh\u00e1m v\u00e0 d\u1ecbch v\u1ee5.","og_url":"https:\/\/www.zuckerbergsanfranciscogeneral.org\/specialty-care\/?lang=vi","og_site_name":"Zuckerberg San Francisco General Hospital and Trauma Center","article_modified_time":"2024-06-12T04:42:19+00:00","twitter_card":"summary_large_image","schema":{"@context":"https:\/\/schema.org","@graph":[{"@type":"WebPage","@id":"https:\/\/www.zuckerbergsanfranciscogeneral.org\/specialty-care\/?lang=vi","url":"https:\/\/www.zuckerbergsanfranciscogeneral.org\/specialty-care\/?lang=vi","name":"D\u1ecbch v\u1ee5 Ch\u0103m s\u00f3c Chuy\u00ean khoa | Zuckerberg San Francisco General Hospital and Trauma Center","isPartOf":{"@id":"https:\/\/www.zuckerbergsanfranciscogeneral.org\/#website"},"datePublished":"2024-04-08T10:50:04+00:00","dateModified":"2024-06-12T04:42:19+00:00","description":"B\u1ec7nh vi\u1ec7n \u0110a khoa v\u00e0 Trung t\u00e2m Ch\u1ea5n th\u01b0\u01a1ng Zuckerberg San Francisco cung c\u1ea5p d\u1ecbch v\u1ee5 ch\u0103m s\u00f3c chuy\u00ean khoa th\u00f4ng qua m\u1ed9t m\u1ea1ng l\u01b0\u1edbi r\u1ed9ng l\u1edbn g\u1ed3m nhi\u1ec1u ph\u00f2ng kh\u00e1m v\u00e0 d\u1ecbch v\u1ee5.","breadcrumb":{"@id":"https:\/\/www.zuckerbergsanfranciscogeneral.org\/specialty-care\/?lang=vi#breadcrumb"},"inLanguage":"vi-VN","potentialAction":[{"@type":"ReadAction","target":["https:\/\/www.zuckerbergsanfranciscogeneral.org\/specialty-care\/?lang=vi"]}]},{"@type":"BreadcrumbList","@id":"https:\/\/www.zuckerbergsanfranciscogeneral.org\/specialty-care\/?lang=vi#breadcrumb","itemListElement":[{"@type":"ListItem","position":1,"name":"Home","item":"https:\/\/www.zuckerbergsanfranciscogeneral.org\/vi\/"},{"@type":"ListItem","position":2,"name":"D\u1ecbch v\u1ee5 Ch\u0103m s\u00f3c Chuy\u00ean khoa"}]},{"@type":"WebSite","@id":"https:\/\/www.zuckerbergsanfranciscogeneral.org\/#website","url":"https:\/\/www.zuckerbergsanfranciscogeneral.org\/","name":"P\u014dwehi WordPress Theme","description":"","publisher":{"@id":"https:\/\/www.zuckerbergsanfranciscogeneral.org\/#organization"},"potentialAction":[{"@type":"SearchAction","target":{"@type":"EntryPoint","urlTemplate":"https:\/\/www.zuckerbergsanfranciscogeneral.org\/?s={search_term_string}"},"query-input":{"@type":"PropertyValueSpecification","valueRequired":true,"valueName":"search_term_string"}}],"inLanguage":"vi-VN"},{"@type":"Organization","@id":"https:\/\/www.zuckerbergsanfranciscogeneral.org\/#organization","name":"P\u014dwehi WordPress Theme","url":"https:\/\/www.zuckerbergsanfranciscogeneral.org\/","logo":{"@type":"ImageObject","inLanguage":"vi-VN","@id":"https:\/\/www.zuckerbergsanfranciscogeneral.org\/#\/schema\/logo\/image\/","url":"https:\/\/www.zuckerbergsanfranciscogeneral.org\/wp-content\/uploads\/2022\/06\/default-image-event.png","contentUrl":"https:\/\/www.zuckerbergsanfranciscogeneral.org\/wp-content\/uploads\/2022\/06\/default-image-event.png","width":800,"height":600,"caption":"P\u014dwehi WordPress Theme"},"image":{"@id":"https:\/\/www.zuckerbergsanfranciscogeneral.org\/#\/schema\/logo\/image\/"}}]}},"_links":{"self":[{"href":"https:\/\/www.zuckerbergsanfranciscogeneral.org\/vi\/wp-json\/wp\/v2\/pages\/3371","targetHints":{"allow":["GET"]}}],"collection":[{"href":"https:\/\/www.zuckerbergsanfranciscogeneral.org\/vi\/wp-json\/wp\/v2\/pages"}],"about":[{"href":"https:\/\/www.zuckerbergsanfranciscogeneral.org\/vi\/wp-json\/wp\/v2\/types\/page"}],"author":[{"embeddable":true,"href":"https:\/\/www.zuckerbergsanfranciscogeneral.org\/vi\/wp-json\/wp\/v2\/users\/2"}],"replies":[{"embeddable":true,"href":"https:\/\/www.zuckerbergsanfranciscogeneral.org\/vi\/wp-json\/wp\/v2\/comments?post=3371"}],"version-history":[{"count":0,"href":"https:\/\/www.zuckerbergsanfranciscogeneral.org\/vi\/wp-json\/wp\/v2\/pages\/3371\/revisions"}],"wp:attachment":[{"href":"https:\/\/www.zuckerbergsanfranciscogeneral.org\/vi\/wp-json\/wp\/v2\/media?parent=3371"}],"curies":[{"name":"wp","href":"https:\/\/api.w.org\/{rel}","templated":true}]}}