{"id":4103,"date":"2024-04-08T02:48:10","date_gmt":"2024-04-08T09:48:10","guid":{"rendered":"https:\/\/zsfgnewwebsstg.wpenginepowered.com\/nguon-ho-tro-danh-cho-benh-nhan-khach-tham\/cac-nguon-ho-tro-y-te\/"},"modified":"2024-06-11T21:58:42","modified_gmt":"2024-06-12T04:58:42","slug":"health-resources","status":"publish","type":"page","link":"https:\/\/www.zuckerbergsanfranciscogeneral.org\/vi\/patient-visitor-resources\/health-resources\/","title":{"rendered":"C\u00e1c Ngu\u1ed3n H\u1ed7 tr\u1ee3 Y t\u1ebf"},"content":{"rendered":"","protected":false},"excerpt":{"rendered":"","protected":false},"author":2,"featured_media":0,"parent":4076,"menu_order":0,"comment_status":"closed","ping_status":"closed","template":"template-service-subcategory.php","meta":{"_acf_changed":false,"footnotes":""},"class_list":["post-4103","page","type-page","status-publish","hentry"],"acf":[],"yoast_head":"<title>C\u00e1c Ngu\u1ed3n H\u1ed7 tr\u1ee3 Y t\u1ebf | Zuckerberg San Francisco General Hospital and Trauma Center<\/title>\n<meta name=\"robots\" content=\"index, follow, max-snippet:-1, max-image-preview:large, max-video-preview:-1\" \/>\n<link rel=\"canonical\" href=\"https:\/\/www.zuckerbergsanfranciscogeneral.org\/patient-visitor-resources\/health-resources\/?lang=vi\" \/>\n<meta property=\"og:locale\" content=\"vi_VN\" \/>\n<meta property=\"og:type\" content=\"article\" \/>\n<meta property=\"og:title\" content=\"C\u00e1c Ngu\u1ed3n H\u1ed7 tr\u1ee3 Y t\u1ebf\" \/>\n<meta property=\"og:url\" content=\"https:\/\/www.zuckerbergsanfranciscogeneral.org\/patient-visitor-resources\/health-resources\/?lang=vi\" \/>\n<meta property=\"og:site_name\" content=\"Zuckerberg San Francisco General Hospital and Trauma Center\" \/>\n<meta property=\"article:modified_time\" content=\"2024-06-12T04:58:42+00:00\" \/>\n<meta name=\"twitter:card\" content=\"summary_large_image\" \/>\n<script type=\"application\/ld+json\" class=\"yoast-schema-graph\">{\"@context\":\"https:\\\/\\\/schema.org\",\"@graph\":[{\"@type\":\"WebPage\",\"@id\":\"https:\\\/\\\/www.zuckerbergsanfranciscogeneral.org\\\/patient-visitor-resources\\\/health-resources\\\/?lang=vi\",\"url\":\"https:\\\/\\\/www.zuckerbergsanfranciscogeneral.org\\\/patient-visitor-resources\\\/health-resources\\\/?lang=vi\",\"name\":\"C\u00e1c Ngu\u1ed3n H\u1ed7 tr\u1ee3 Y t\u1ebf | Zuckerberg San Francisco General Hospital and Trauma Center\",\"isPartOf\":{\"@id\":\"https:\\\/\\\/www.zuckerbergsanfranciscogeneral.org\\\/#website\"},\"datePublished\":\"2024-04-08T09:48:10+00:00\",\"dateModified\":\"2024-06-12T04:58:42+00:00\",\"breadcrumb\":{\"@id\":\"https:\\\/\\\/www.zuckerbergsanfranciscogeneral.org\\\/patient-visitor-resources\\\/health-resources\\\/?lang=vi#breadcrumb\"},\"inLanguage\":\"vi-VN\",\"potentialAction\":[{\"@type\":\"ReadAction\",\"target\":[\"https:\\\/\\\/www.zuckerbergsanfranciscogeneral.org\\\/patient-visitor-resources\\\/health-resources\\\/?lang=vi\"]}]},{\"@type\":\"BreadcrumbList\",\"@id\":\"https:\\\/\\\/www.zuckerbergsanfranciscogeneral.org\\\/patient-visitor-resources\\\/health-resources\\\/?lang=vi#breadcrumb\",\"itemListElement\":[{\"@type\":\"ListItem\",\"position\":1,\"name\":\"Home\",\"item\":\"https:\\\/\\\/www.zuckerbergsanfranciscogeneral.org\\\/vi\\\/\"},{\"@type\":\"ListItem\",\"position\":2,\"name\":\"Ngu\u1ed3n H\u1ed7 tr\u1ee3 d\u00e0nh cho B\u1ec7nh nh\u00e2n &#038; Kh\u00e1ch th\u0103m\",\"item\":\"https:\\\/\\\/www.zuckerbergsanfranciscogeneral.org\\\/patient-visitor-resources\\\/?lang=vi\"},{\"@type\":\"ListItem\",\"position\":3,\"name\":\"C\u00e1c Ngu\u1ed3n H\u1ed7 tr\u1ee3 Y t\u1ebf\"}]},{\"@type\":\"WebSite\",\"@id\":\"https:\\\/\\\/www.zuckerbergsanfranciscogeneral.org\\\/#website\",\"url\":\"https:\\\/\\\/www.zuckerbergsanfranciscogeneral.org\\\/\",\"name\":\"P\u014dwehi WordPress Theme\",\"description\":\"\",\"publisher\":{\"@id\":\"https:\\\/\\\/www.zuckerbergsanfranciscogeneral.org\\\/#organization\"},\"potentialAction\":[{\"@type\":\"SearchAction\",\"target\":{\"@type\":\"EntryPoint\",\"urlTemplate\":\"https:\\\/\\\/www.zuckerbergsanfranciscogeneral.org\\\/?s={search_term_string}\"},\"query-input\":{\"@type\":\"PropertyValueSpecification\",\"valueRequired\":true,\"valueName\":\"search_term_string\"}}],\"inLanguage\":\"vi-VN\"},{\"@type\":\"Organization\",\"@id\":\"https:\\\/\\\/www.zuckerbergsanfranciscogeneral.org\\\/#organization\",\"name\":\"P\u014dwehi WordPress Theme\",\"url\":\"https:\\\/\\\/www.zuckerbergsanfranciscogeneral.org\\\/\",\"logo\":{\"@type\":\"ImageObject\",\"inLanguage\":\"vi-VN\",\"@id\":\"https:\\\/\\\/www.zuckerbergsanfranciscogeneral.org\\\/#\\\/schema\\\/logo\\\/image\\\/\",\"url\":\"https:\\\/\\\/www.zuckerbergsanfranciscogeneral.org\\\/wp-content\\\/uploads\\\/2022\\\/06\\\/default-image-event.png\",\"contentUrl\":\"https:\\\/\\\/www.zuckerbergsanfranciscogeneral.org\\\/wp-content\\\/uploads\\\/2022\\\/06\\\/default-image-event.png\",\"width\":800,\"height\":600,\"caption\":\"P\u014dwehi WordPress Theme\"},\"image\":{\"@id\":\"https:\\\/\\\/www.zuckerbergsanfranciscogeneral.org\\\/#\\\/schema\\\/logo\\\/image\\\/\"}}]}<\/script>","yoast_head_json":{"title":"C\u00e1c Ngu\u1ed3n H\u1ed7 tr\u1ee3 Y t\u1ebf | Zuckerberg San Francisco General Hospital and Trauma Center","robots":{"index":"index","follow":"follow","max-snippet":"max-snippet:-1","max-image-preview":"max-image-preview:large","max-video-preview":"max-video-preview:-1"},"canonical":"https:\/\/www.zuckerbergsanfranciscogeneral.org\/patient-visitor-resources\/health-resources\/?lang=vi","og_locale":"vi_VN","og_type":"article","og_title":"C\u00e1c Ngu\u1ed3n H\u1ed7 tr\u1ee3 Y t\u1ebf","og_url":"https:\/\/www.zuckerbergsanfranciscogeneral.org\/patient-visitor-resources\/health-resources\/?lang=vi","og_site_name":"Zuckerberg San Francisco General Hospital and Trauma Center","article_modified_time":"2024-06-12T04:58:42+00:00","twitter_card":"summary_large_image","schema":{"@context":"https:\/\/schema.org","@graph":[{"@type":"WebPage","@id":"https:\/\/www.zuckerbergsanfranciscogeneral.org\/patient-visitor-resources\/health-resources\/?lang=vi","url":"https:\/\/www.zuckerbergsanfranciscogeneral.org\/patient-visitor-resources\/health-resources\/?lang=vi","name":"C\u00e1c Ngu\u1ed3n H\u1ed7 tr\u1ee3 Y t\u1ebf | Zuckerberg San Francisco General Hospital and Trauma Center","isPartOf":{"@id":"https:\/\/www.zuckerbergsanfranciscogeneral.org\/#website"},"datePublished":"2024-04-08T09:48:10+00:00","dateModified":"2024-06-12T04:58:42+00:00","breadcrumb":{"@id":"https:\/\/www.zuckerbergsanfranciscogeneral.org\/patient-visitor-resources\/health-resources\/?lang=vi#breadcrumb"},"inLanguage":"vi-VN","potentialAction":[{"@type":"ReadAction","target":["https:\/\/www.zuckerbergsanfranciscogeneral.org\/patient-visitor-resources\/health-resources\/?lang=vi"]}]},{"@type":"BreadcrumbList","@id":"https:\/\/www.zuckerbergsanfranciscogeneral.org\/patient-visitor-resources\/health-resources\/?lang=vi#breadcrumb","itemListElement":[{"@type":"ListItem","position":1,"name":"Home","item":"https:\/\/www.zuckerbergsanfranciscogeneral.org\/vi\/"},{"@type":"ListItem","position":2,"name":"Ngu\u1ed3n H\u1ed7 tr\u1ee3 d\u00e0nh cho B\u1ec7nh nh\u00e2n &#038; Kh\u00e1ch th\u0103m","item":"https:\/\/www.zuckerbergsanfranciscogeneral.org\/patient-visitor-resources\/?lang=vi"},{"@type":"ListItem","position":3,"name":"C\u00e1c Ngu\u1ed3n H\u1ed7 tr\u1ee3 Y t\u1ebf"}]},{"@type":"WebSite","@id":"https:\/\/www.zuckerbergsanfranciscogeneral.org\/#website","url":"https:\/\/www.zuckerbergsanfranciscogeneral.org\/","name":"P\u014dwehi WordPress Theme","description":"","publisher":{"@id":"https:\/\/www.zuckerbergsanfranciscogeneral.org\/#organization"},"potentialAction":[{"@type":"SearchAction","target":{"@type":"EntryPoint","urlTemplate":"https:\/\/www.zuckerbergsanfranciscogeneral.org\/?s={search_term_string}"},"query-input":{"@type":"PropertyValueSpecification","valueRequired":true,"valueName":"search_term_string"}}],"inLanguage":"vi-VN"},{"@type":"Organization","@id":"https:\/\/www.zuckerbergsanfranciscogeneral.org\/#organization","name":"P\u014dwehi WordPress Theme","url":"https:\/\/www.zuckerbergsanfranciscogeneral.org\/","logo":{"@type":"ImageObject","inLanguage":"vi-VN","@id":"https:\/\/www.zuckerbergsanfranciscogeneral.org\/#\/schema\/logo\/image\/","url":"https:\/\/www.zuckerbergsanfranciscogeneral.org\/wp-content\/uploads\/2022\/06\/default-image-event.png","contentUrl":"https:\/\/www.zuckerbergsanfranciscogeneral.org\/wp-content\/uploads\/2022\/06\/default-image-event.png","width":800,"height":600,"caption":"P\u014dwehi WordPress Theme"},"image":{"@id":"https:\/\/www.zuckerbergsanfranciscogeneral.org\/#\/schema\/logo\/image\/"}}]}},"_links":{"self":[{"href":"https:\/\/www.zuckerbergsanfranciscogeneral.org\/vi\/wp-json\/wp\/v2\/pages\/4103","targetHints":{"allow":["GET"]}}],"collection":[{"href":"https:\/\/www.zuckerbergsanfranciscogeneral.org\/vi\/wp-json\/wp\/v2\/pages"}],"about":[{"href":"https:\/\/www.zuckerbergsanfranciscogeneral.org\/vi\/wp-json\/wp\/v2\/types\/page"}],"author":[{"embeddable":true,"href":"https:\/\/www.zuckerbergsanfranciscogeneral.org\/vi\/wp-json\/wp\/v2\/users\/2"}],"replies":[{"embeddable":true,"href":"https:\/\/www.zuckerbergsanfranciscogeneral.org\/vi\/wp-json\/wp\/v2\/comments?post=4103"}],"version-history":[{"count":0,"href":"https:\/\/www.zuckerbergsanfranciscogeneral.org\/vi\/wp-json\/wp\/v2\/pages\/4103\/revisions"}],"up":[{"embeddable":true,"href":"https:\/\/www.zuckerbergsanfranciscogeneral.org\/vi\/wp-json\/wp\/v2\/pages\/4076"}],"wp:attachment":[{"href":"https:\/\/www.zuckerbergsanfranciscogeneral.org\/vi\/wp-json\/wp\/v2\/media?parent=4103"}],"curies":[{"name":"wp","href":"https:\/\/api.w.org\/{rel}","templated":true}]}}