{"id":9583,"date":"2025-10-30T13:50:07","date_gmt":"2025-10-30T20:50:07","guid":{"rendered":"https:\/\/zsfgnewwebsstg.wpenginepowered.com\/hieu-thuoc\/cham-soc-cho-benh-ung-thu\/"},"modified":"2025-10-30T13:50:07","modified_gmt":"2025-10-30T20:50:07","slug":"cham-soc-cho-benh-ung-thu","status":"publish","type":"page","link":"https:\/\/www.zuckerbergsanfranciscogeneral.org\/vi\/hieu-thuoc\/cham-soc-cho-benh-ung-thu\/","title":{"rendered":"Ch\u0103m s\u00f3c cho B\u1ec7nh Ung th\u01b0"},"content":{"rendered":"","protected":false},"excerpt":{"rendered":"","protected":false},"author":3,"featured_media":0,"parent":6626,"menu_order":0,"comment_status":"closed","ping_status":"closed","template":"template-service-subcategory.php","meta":{"_acf_changed":false,"footnotes":""},"class_list":["post-9583","page","type-page","status-publish","hentry"],"acf":[],"yoast_head":"<title>Ch\u0103m s\u00f3c cho B\u1ec7nh Ung th\u01b0 | Zuckerberg San Francisco General Hospital and Trauma Center<\/title>\n<meta name=\"robots\" content=\"index, follow, max-snippet:-1, max-image-preview:large, max-video-preview:-1\" \/>\n<link rel=\"canonical\" href=\"https:\/\/www.zuckerbergsanfranciscogeneral.org\/hieu-thuoc\/cham-soc-cho-benh-ung-thu\/\" \/>\n<meta property=\"og:locale\" content=\"vi_VN\" \/>\n<meta property=\"og:type\" content=\"article\" \/>\n<meta property=\"og:title\" content=\"Ch\u0103m s\u00f3c cho B\u1ec7nh Ung th\u01b0\" \/>\n<meta property=\"og:url\" content=\"https:\/\/www.zuckerbergsanfranciscogeneral.org\/hieu-thuoc\/cham-soc-cho-benh-ung-thu\/\" \/>\n<meta property=\"og:site_name\" content=\"Zuckerberg San Francisco General Hospital and Trauma Center\" \/>\n<meta name=\"twitter:card\" content=\"summary_large_image\" \/>\n<script type=\"application\/ld+json\" class=\"yoast-schema-graph\">{\"@context\":\"https:\\\/\\\/schema.org\",\"@graph\":[{\"@type\":\"WebPage\",\"@id\":\"https:\\\/\\\/www.zuckerbergsanfranciscogeneral.org\\\/hieu-thuoc\\\/cham-soc-cho-benh-ung-thu\\\/\",\"url\":\"https:\\\/\\\/www.zuckerbergsanfranciscogeneral.org\\\/hieu-thuoc\\\/cham-soc-cho-benh-ung-thu\\\/\",\"name\":\"Ch\u0103m s\u00f3c cho B\u1ec7nh Ung th\u01b0 | Zuckerberg San Francisco General Hospital and Trauma Center\",\"isPartOf\":{\"@id\":\"https:\\\/\\\/www.zuckerbergsanfranciscogeneral.org\\\/#website\"},\"datePublished\":\"2025-10-30T20:50:07+00:00\",\"breadcrumb\":{\"@id\":\"https:\\\/\\\/www.zuckerbergsanfranciscogeneral.org\\\/hieu-thuoc\\\/cham-soc-cho-benh-ung-thu\\\/#breadcrumb\"},\"inLanguage\":\"vi-VN\",\"potentialAction\":[{\"@type\":\"ReadAction\",\"target\":[\"https:\\\/\\\/www.zuckerbergsanfranciscogeneral.org\\\/hieu-thuoc\\\/cham-soc-cho-benh-ung-thu\\\/\"]}]},{\"@type\":\"BreadcrumbList\",\"@id\":\"https:\\\/\\\/www.zuckerbergsanfranciscogeneral.org\\\/hieu-thuoc\\\/cham-soc-cho-benh-ung-thu\\\/#breadcrumb\",\"itemListElement\":[{\"@type\":\"ListItem\",\"position\":1,\"name\":\"Home\",\"item\":\"https:\\\/\\\/www.zuckerbergsanfranciscogeneral.org\\\/vi\\\/\"},{\"@type\":\"ListItem\",\"position\":2,\"name\":\"Ch\u0103m s\u00f3c T\u00edch h\u1ee3p\",\"item\":\"https:\\\/\\\/www.zuckerbergsanfranciscogeneral.org\\\/vi\\\/hieu-thuoc\\\/\"},{\"@type\":\"ListItem\",\"position\":3,\"name\":\"Ch\u0103m s\u00f3c cho B\u1ec7nh Ung th\u01b0\"}]},{\"@type\":\"WebSite\",\"@id\":\"https:\\\/\\\/www.zuckerbergsanfranciscogeneral.org\\\/#website\",\"url\":\"https:\\\/\\\/www.zuckerbergsanfranciscogeneral.org\\\/\",\"name\":\"P\u014dwehi WordPress Theme\",\"description\":\"\",\"publisher\":{\"@id\":\"https:\\\/\\\/www.zuckerbergsanfranciscogeneral.org\\\/#organization\"},\"potentialAction\":[{\"@type\":\"SearchAction\",\"target\":{\"@type\":\"EntryPoint\",\"urlTemplate\":\"https:\\\/\\\/www.zuckerbergsanfranciscogeneral.org\\\/?s={search_term_string}\"},\"query-input\":{\"@type\":\"PropertyValueSpecification\",\"valueRequired\":true,\"valueName\":\"search_term_string\"}}],\"inLanguage\":\"vi-VN\"},{\"@type\":\"Organization\",\"@id\":\"https:\\\/\\\/www.zuckerbergsanfranciscogeneral.org\\\/#organization\",\"name\":\"P\u014dwehi WordPress Theme\",\"url\":\"https:\\\/\\\/www.zuckerbergsanfranciscogeneral.org\\\/\",\"logo\":{\"@type\":\"ImageObject\",\"inLanguage\":\"vi-VN\",\"@id\":\"https:\\\/\\\/www.zuckerbergsanfranciscogeneral.org\\\/#\\\/schema\\\/logo\\\/image\\\/\",\"url\":\"https:\\\/\\\/www.zuckerbergsanfranciscogeneral.org\\\/wp-content\\\/uploads\\\/2022\\\/06\\\/default-image-event.png\",\"contentUrl\":\"https:\\\/\\\/www.zuckerbergsanfranciscogeneral.org\\\/wp-content\\\/uploads\\\/2022\\\/06\\\/default-image-event.png\",\"width\":800,\"height\":600,\"caption\":\"P\u014dwehi WordPress Theme\"},\"image\":{\"@id\":\"https:\\\/\\\/www.zuckerbergsanfranciscogeneral.org\\\/#\\\/schema\\\/logo\\\/image\\\/\"}}]}<\/script>","yoast_head_json":{"title":"Ch\u0103m s\u00f3c cho B\u1ec7nh Ung th\u01b0 | Zuckerberg San Francisco General Hospital and Trauma Center","robots":{"index":"index","follow":"follow","max-snippet":"max-snippet:-1","max-image-preview":"max-image-preview:large","max-video-preview":"max-video-preview:-1"},"canonical":"https:\/\/www.zuckerbergsanfranciscogeneral.org\/hieu-thuoc\/cham-soc-cho-benh-ung-thu\/","og_locale":"vi_VN","og_type":"article","og_title":"Ch\u0103m s\u00f3c cho B\u1ec7nh Ung th\u01b0","og_url":"https:\/\/www.zuckerbergsanfranciscogeneral.org\/hieu-thuoc\/cham-soc-cho-benh-ung-thu\/","og_site_name":"Zuckerberg San Francisco General Hospital and Trauma Center","twitter_card":"summary_large_image","schema":{"@context":"https:\/\/schema.org","@graph":[{"@type":"WebPage","@id":"https:\/\/www.zuckerbergsanfranciscogeneral.org\/hieu-thuoc\/cham-soc-cho-benh-ung-thu\/","url":"https:\/\/www.zuckerbergsanfranciscogeneral.org\/hieu-thuoc\/cham-soc-cho-benh-ung-thu\/","name":"Ch\u0103m s\u00f3c cho B\u1ec7nh Ung th\u01b0 | Zuckerberg San Francisco General Hospital and Trauma Center","isPartOf":{"@id":"https:\/\/www.zuckerbergsanfranciscogeneral.org\/#website"},"datePublished":"2025-10-30T20:50:07+00:00","breadcrumb":{"@id":"https:\/\/www.zuckerbergsanfranciscogeneral.org\/hieu-thuoc\/cham-soc-cho-benh-ung-thu\/#breadcrumb"},"inLanguage":"vi-VN","potentialAction":[{"@type":"ReadAction","target":["https:\/\/www.zuckerbergsanfranciscogeneral.org\/hieu-thuoc\/cham-soc-cho-benh-ung-thu\/"]}]},{"@type":"BreadcrumbList","@id":"https:\/\/www.zuckerbergsanfranciscogeneral.org\/hieu-thuoc\/cham-soc-cho-benh-ung-thu\/#breadcrumb","itemListElement":[{"@type":"ListItem","position":1,"name":"Home","item":"https:\/\/www.zuckerbergsanfranciscogeneral.org\/vi\/"},{"@type":"ListItem","position":2,"name":"Ch\u0103m s\u00f3c T\u00edch h\u1ee3p","item":"https:\/\/www.zuckerbergsanfranciscogeneral.org\/vi\/hieu-thuoc\/"},{"@type":"ListItem","position":3,"name":"Ch\u0103m s\u00f3c cho B\u1ec7nh Ung th\u01b0"}]},{"@type":"WebSite","@id":"https:\/\/www.zuckerbergsanfranciscogeneral.org\/#website","url":"https:\/\/www.zuckerbergsanfranciscogeneral.org\/","name":"P\u014dwehi WordPress Theme","description":"","publisher":{"@id":"https:\/\/www.zuckerbergsanfranciscogeneral.org\/#organization"},"potentialAction":[{"@type":"SearchAction","target":{"@type":"EntryPoint","urlTemplate":"https:\/\/www.zuckerbergsanfranciscogeneral.org\/?s={search_term_string}"},"query-input":{"@type":"PropertyValueSpecification","valueRequired":true,"valueName":"search_term_string"}}],"inLanguage":"vi-VN"},{"@type":"Organization","@id":"https:\/\/www.zuckerbergsanfranciscogeneral.org\/#organization","name":"P\u014dwehi WordPress Theme","url":"https:\/\/www.zuckerbergsanfranciscogeneral.org\/","logo":{"@type":"ImageObject","inLanguage":"vi-VN","@id":"https:\/\/www.zuckerbergsanfranciscogeneral.org\/#\/schema\/logo\/image\/","url":"https:\/\/www.zuckerbergsanfranciscogeneral.org\/wp-content\/uploads\/2022\/06\/default-image-event.png","contentUrl":"https:\/\/www.zuckerbergsanfranciscogeneral.org\/wp-content\/uploads\/2022\/06\/default-image-event.png","width":800,"height":600,"caption":"P\u014dwehi WordPress Theme"},"image":{"@id":"https:\/\/www.zuckerbergsanfranciscogeneral.org\/#\/schema\/logo\/image\/"}}]}},"_links":{"self":[{"href":"https:\/\/www.zuckerbergsanfranciscogeneral.org\/vi\/wp-json\/wp\/v2\/pages\/9583","targetHints":{"allow":["GET"]}}],"collection":[{"href":"https:\/\/www.zuckerbergsanfranciscogeneral.org\/vi\/wp-json\/wp\/v2\/pages"}],"about":[{"href":"https:\/\/www.zuckerbergsanfranciscogeneral.org\/vi\/wp-json\/wp\/v2\/types\/page"}],"author":[{"embeddable":true,"href":"https:\/\/www.zuckerbergsanfranciscogeneral.org\/vi\/wp-json\/wp\/v2\/users\/3"}],"replies":[{"embeddable":true,"href":"https:\/\/www.zuckerbergsanfranciscogeneral.org\/vi\/wp-json\/wp\/v2\/comments?post=9583"}],"version-history":[{"count":0,"href":"https:\/\/www.zuckerbergsanfranciscogeneral.org\/vi\/wp-json\/wp\/v2\/pages\/9583\/revisions"}],"up":[{"embeddable":true,"href":"https:\/\/www.zuckerbergsanfranciscogeneral.org\/vi\/wp-json\/wp\/v2\/pages\/6626"}],"wp:attachment":[{"href":"https:\/\/www.zuckerbergsanfranciscogeneral.org\/vi\/wp-json\/wp\/v2\/media?parent=9583"}],"curies":[{"name":"wp","href":"https:\/\/api.w.org\/{rel}","templated":true}]}}